{"id":49,"date":"2022-02-23T04:00:22","date_gmt":"2022-02-23T04:00:22","guid":{"rendered":"https:\/\/shtheme.com\/demosd\/stylex\/?page_id=49"},"modified":"2025-08-20T08:14:36","modified_gmt":"2025-08-20T08:14:36","slug":"contacto","status":"publish","type":"page","link":"https:\/\/aciddrops.com\/en\/contacto\/","title":{"rendered":"Contact"},"content":{"rendered":"\t\t<div data-elementor-type=\"wp-page\" data-elementor-id=\"49\" class=\"elementor elementor-49\" data-elementor-post-type=\"page\">\n\t\t\t\t\t\t<section class=\"elementor-section elementor-top-section elementor-element elementor-element-425f184 elementor-section-full_width elementor-section-height-default elementor-section-height-default\" data-id=\"425f184\" data-element_type=\"section\" data-e-type=\"section\">\n\t\t\t\t\t\t<div class=\"elementor-container elementor-column-gap-no\">\n\t\t\t\t\t<div class=\"elementor-column elementor-col-100 elementor-top-column elementor-element elementor-element-4184755\" data-id=\"4184755\" data-element_type=\"column\" data-e-type=\"column\">\n\t\t\t<div class=\"elementor-widget-wrap elementor-element-populated\">\n\t\t\t\t\t\t<div class=\"elementor-element elementor-element-f292fde elementor-align-left elementor-widget elementor-widget-bdevs-breadcrumb\" data-id=\"f292fde\" data-element_type=\"widget\" data-e-type=\"widget\" data-widget_type=\"bdevs-breadcrumb.default\">\n\t\t\t\t<div class=\"elementor-widget-container\">\n\t\t\t\t\t\t\t\t\t<!-- main title wrapper start -->\n        <div class=\"main-title-wrapper\">\n            <!-- dot start -->\n            <div class=\"dot\"><\/div>\n            <!-- dot end -->\n            <!-- divider start -->\n            <div class=\"inner-divider-half\"><\/div>\n            <!-- divider end -->\n            <!-- section title start -->\n            <h1 class=\"main-title main-title-all\">\n                hag\u00e1moslo<br>\n                <span>realidad<\/span> \n            <\/h1>\n            <!-- section title end -->\n        <\/div>\n        <!-- main title wrapper end -->\n        <div class=\"home-page\" id=\"home\">\n            <!-- hero bg start -->\n            <div class=\"hero-fullscreen\">\n                <!-- parallax start -->\n                <div class=\"parallax-window\" data-image-src=\"https:\/\/aciddrops.com\/wp-content\/uploads\/2025\/05\/MBV_1_ANES_DEFINITIVO_AP-scaled.jpg\" data-parallax=\"scroll\"><\/div>\n                <!-- parallax end -->\n            <\/div>\n            <!-- hero bg end -->\n            <!-- overlay start -->\n            <div class=\"gradient-overlay-home\"><\/div>\n            <!-- overlay end -->\n            <!-- film grain start -->\n                        <!-- film grain start -->\n            <div class=\"film-grain\"><\/div>\n                        <!-- film grain end -->\n        <\/div>\n        <!-- section end -->\n        \n\n\t\t\t\t\t<\/div>\n\t\t\t\t<\/div>\n\t\t\t\t\t<\/div>\n\t\t<\/div>\n\t\t\t\t\t<\/div>\n\t\t<\/section>\n\t\t\t\t<section class=\"elementor-section elementor-top-section elementor-element elementor-element-0f04b25 elementor-section-full_width elementor-section-height-default elementor-section-height-default\" data-id=\"0f04b25\" data-element_type=\"section\" data-e-type=\"section\">\n\t\t\t\t\t\t<div class=\"elementor-container elementor-column-gap-no\">\n\t\t\t\t\t<div class=\"elementor-column elementor-col-100 elementor-top-column elementor-element elementor-element-35954c2\" data-id=\"35954c2\" data-element_type=\"column\" data-e-type=\"column\">\n\t\t\t<div class=\"elementor-widget-wrap elementor-element-populated\">\n\t\t\t\t\t\t<div class=\"elementor-element elementor-element-37b2fcc elementor-align-left elementor-widget elementor-widget-bdevs-form\" data-id=\"37b2fcc\" data-element_type=\"widget\" data-e-type=\"widget\" data-widget_type=\"bdevs-form.default\">\n\t\t\t\t<div class=\"elementor-widget-container\">\n\t\t\t\t\t\t\t<!-- section start -->\r\n        <section class=\"bg-light\">\r\n            <div class=\"container container-fix\">\r\n                <div class=\"extra-margin-all post-spacing\">\r\n                    <!-- row start -->\r\n                    <div class=\"row\">\r\n                        <!-- col start -->\r\n                        <div class=\"col-lg-12\">\r\n                            <!-- dot start -->\r\n                            <div class=\"dot\"><\/div>\r\n                            <!-- dot end -->\r\n                                                        <!-- divider start -->\r\n                            <div class=\"inner-divider-half\"><\/div>\r\n                            <!-- divider end -->\r\n                            \r\n                            <!-- section title start -->\r\n                            <div class=\"subtitle\">\u00bfListo para transformar tu producci\u00f3n?<\/div>\r\n                            <!-- section title end -->\r\n                        \t                        \t                            <!-- divider start -->\r\n                            <div class=\"inner-divider-half\"><\/div>\r\n                            <!-- divider end -->\r\n                            <div class=\"post-spacing-3\">\r\n                                <!-- section txt start -->\r\n                                <div class=\"intro\">\r\n                                    Cu\u00e9ntanos qu\u00e9 tienes en mente. \u00bfUn proyecto audiovisual? \u00bfUna experiencia inmersiva? \u00bfFormaci\u00f3n para tu equipo? En <span>Acid Drops<\/span> podemos ayudarte a dise\u00f1arlo, producirlo o formarte para que lo hagas t\u00fa mismo.\n<br>\n<br>\nYa sea para solicitar un presupuesto, agendar una demo en nuestro volumen LED o simplemente explorar ideas, <span>este es el primer paso<\/span>.                          \r\n                                <\/div>\r\n                                <!-- section txt end -->\r\n                            <\/div>\r\n                                                    <\/div>\r\n                        <!-- col end -->\r\n                    <\/div>\r\n                    <!-- row end -->\r\n                    <!-- divider start -->\r\n                    <div class=\"inner-divider\"><\/div>\r\n                    <!-- divider end -->\r\n                <\/div>\r\n            <\/div>\r\n        <\/section>\r\n        <!-- section end -->\r\n        <!-- section start -->\r\n        <section class=\"bg-light\">\r\n            <div class=\"container container-fix\">\r\n                <div class=\"extra-margin-all post-spacing\">\r\n                    <!-- row start -->\r\n                    <div class=\"row\">\r\n                        <div class=\"post-spacing-3\">\r\n                            <!-- col start -->\r\n                            <div>\r\n                                <!-- contact form start -->\r\n                                <div id=\"contact-form\">\r\n                                    <style id=\"wpforms-css-vars-2705\">\n\t\t\t\t#wpforms-2705 {\n\t\t\t\t\n\t\t\t}\n\t\t\t<\/style><div class=\"wpforms-container wpforms-container-full wpforms-render-modern\" id=\"wpforms-2705\"><form id=\"wpforms-form-2705\" class=\"wpforms-validate wpforms-form wpforms-ajax-form\" data-formid=\"2705\" method=\"post\" enctype=\"multipart\/form-data\" action=\"\/en\/wp-json\/wp\/v2\/pages\/49\" data-token=\"0f83d2157d885205d3f10e6fe8315a57\" data-token-time=\"1776327317\"><noscript class=\"wpforms-error-noscript\">Please enable JavaScript in your browser to complete this form.<\/noscript><div id=\"wpforms-error-noscript\" style=\"display: none;\">Please enable JavaScript in your browser to complete this form.<\/div><div class=\"wpforms-field-container\">\t\t<div id=\"wpforms-2705-field_4-container\"\n\t\t\tclass=\"wpforms-field wpforms-field-text\"\n\t\t\tdata-field-type=\"text\"\n\t\t\tdata-field-id=\"4\"\n\t\t\t>\n\t\t\t<label class=\"wpforms-field-label\" for=\"wpforms-2705-field_4\" >Nombre Comentario Correo<\/label>\n\t\t\t<input type=\"text\" id=\"wpforms-2705-field_4\" class=\"wpforms-field-medium\" name=\"wpforms[fields][4]\" >\n\t\t<\/div>\n\t\t<div id=\"wpforms-2705-field_1-container\" class=\"wpforms-field wpforms-field-name wpcf7-form-control requiredField col-sm-6 col-md-6 col-lg-6\" data-field-id=\"1\"><label class=\"wpforms-field-label\" for=\"wpforms-2705-field_1\">Nombre <span class=\"wpforms-required-label\" aria-hidden=\"true\">*<\/span><\/label><input type=\"text\" id=\"wpforms-2705-field_1\" class=\"wpforms-field-medium wpforms-field-required\" name=\"wpforms[fields][1]\" aria-errormessage=\"wpforms-2705-field_1-error\" required><\/div><div id=\"wpforms-2705-field_2-container\" class=\"wpforms-field wpforms-field-email wpcf7-form-control requiredField col-sm-6 col-md-6 col-lg-6\" data-field-id=\"2\"><label class=\"wpforms-field-label\" for=\"wpforms-2705-field_2\">Correo electr\u00f3nico <span class=\"wpforms-required-label\" aria-hidden=\"true\">*<\/span><\/label><input type=\"email\" id=\"wpforms-2705-field_2\" class=\"wpforms-field-medium wpforms-field-required\" name=\"wpforms[fields][2]\" spellcheck=\"false\" aria-errormessage=\"wpforms-2705-field_2-error\" required><\/div><div id=\"wpforms-2705-field_3-container\" class=\"wpforms-field wpforms-field-textarea wpcf7-form-control requiredField message make-space\" data-field-id=\"3\"><label class=\"wpforms-field-label\" for=\"wpforms-2705-field_3\">Comentario o mensaje<\/label><textarea id=\"wpforms-2705-field_3\" class=\"wpforms-field-medium\" name=\"wpforms[fields][3]\" aria-errormessage=\"wpforms-2705-field_3-error\" ><\/textarea><\/div><script>\n\t\t\t\t( function() {\n\t\t\t\t\tconst style = document.createElement( 'style' );\n\t\t\t\t\tstyle.appendChild( document.createTextNode( '#wpforms-2705-field_4-container { position: absolute !important; overflow: hidden !important; display: inline !important; height: 1px !important; width: 1px !important; z-index: -1000 !important; padding: 0 !important; } #wpforms-2705-field_4-container input { visibility: hidden; } #wpforms-conversational-form-page #wpforms-2705-field_4-container label { counter-increment: none; }' ) );\n\t\t\t\t\tdocument.head.appendChild( style );\n\t\t\t\t\tdocument.currentScript?.remove();\n\t\t\t\t} )();\n\t\t\t<\/script><\/div><!-- .wpforms-field-container --><div class=\"wpforms-recaptcha-container wpforms-is-recaptcha wpforms-is-recaptcha-type-v3\" ><input type=\"hidden\" name=\"wpforms[recaptcha]\" value=\"\"><\/div><div class=\"wpforms-submit-container\" ><input type=\"hidden\" name=\"wpforms[id]\" value=\"2705\"><input type=\"hidden\" name=\"page_title\" value=\"\"><input type=\"hidden\" name=\"page_url\" value=\"https:\/\/aciddrops.com\/en\/wp-json\/wp\/v2\/pages\/49\"><input type=\"hidden\" name=\"url_referer\" value=\"\"><button type=\"submit\" name=\"wpforms[submit]\" id=\"wpforms-submit-2705\" class=\"wpforms-submit\" data-alt-text=\"Enviando...\" data-submit-text=\"Enviar\" aria-live=\"assertive\" value=\"wpforms-submit\">Enviar<\/button><img decoding=\"async\" src=\"https:\/\/aciddrops.com\/wp-content\/plugins\/wpforms-lite\/assets\/images\/submit-spin.svg\" class=\"wpforms-submit-spinner\" style=\"display: none;\" width=\"26\" height=\"26\" alt=\"Loading\"><\/div><\/form><\/div>  <!-- .wpforms-container -->                                <\/div>\r\n                                <!-- contact form end -->\r\n                            <\/div>\r\n                            <!-- col end -->\r\n                        <\/div>\r\n                    <\/div>\r\n                    <!-- row end -->\r\n                    <!-- divider start -->\r\n                    <div class=\"inner-divider inner-divider-last\"><\/div>\r\n                    <!-- divider end -->\r\n                <\/div>\r\n            <\/div>\r\n        <\/section>\r\n        <!-- section end -->\r\n\t\t\t\t\t<\/div>\n\t\t\t\t<\/div>\n\t\t\t\t<div class=\"elementor-element elementor-element-60f590b elementor-align-left elementor-widget elementor-widget-bdevs-contact\" data-id=\"60f590b\" data-element_type=\"widget\" data-e-type=\"widget\" data-widget_type=\"bdevs-contact.default\">\n\t\t\t\t<div class=\"elementor-widget-container\">\n\t\t\t\t\t\t\t<section class=\"bg-light\">\n            <!-- divider start -->\n            <div class=\"inner-divider\"><\/div>\n            <!-- divider end -->\n            <div class=\"container container-fix\">\n                <div class=\"extra-margin-all post-spacing\">\n                    <!-- row start -->\n                    <div class=\"row\">\n                        <!-- col start -->\n                        <div class=\"col-lg-12\">\n                            <!-- dot start -->\n                            <div class=\"dot\"><\/div>\n                            <!-- dot end -->\n                                                        <!-- divider start -->\n                            <div class=\"inner-divider-half\"><\/div>\n                            <!-- divider end -->\n                            \n                            <!-- section title start -->\n                            <div class=\"subtitle\">O si lo prefieres<\/div>\n                            <!-- section title end -->\n                        \t                        \t                            <!-- divider start -->\n                            <div class=\"inner-divider-half\"><\/div>\n                            <!-- divider end -->\n                            <div class=\"post-spacing-3\">\n                                <!-- section txt start -->\n                                <div class=\"intro\">\n                                    Puedes visitarnos, stalkearnos o llamarnos.                          \n                                <\/div>\n                                <!-- section txt end -->\n                            <\/div>\n                                                    <\/div>\n                        <!-- col end -->\n                    <\/div>\n                    <!-- row end -->\n                    <!-- divider start -->\n                    <div class=\"inner-divider\"><\/div>\n                    <!-- divider end -->\n                <\/div>\n            <\/div>\n        <\/section>\n        <!-- section end -->\n        <!-- section start -->\n        <section class=\"bg-light\">\n            <div class=\"container container-fix\">\n                <div class=\"extra-margin-all post-spacing\">\n                    <!-- row start -->\n                    <div class=\"row\">\n                        <div class=\"post-spacing-3\">\n                        \t \n                            <!-- col start -->\n                            <div class=\"col-md-4 col-sm-12\">\n                                <!-- section title start -->\n                                <div class=\"subtitle subtitle-left\">vis\u00edtanos<\/div>\n                                <!-- section title end -->\n                                <!-- divider start -->\n                                <div class=\"inner-divider-50\"><\/div>\n                                <!-- divider end -->\n                                <!-- section TXT start -->\n                                <div class=\"section-txt-2\">\n                                    <p>Escribe o llamanos para organizar una visita en nuestras instalaciones. Estaremos encantados de ense\u00f1arte lo que hacemos.<\/p>                                <\/div>\n                                <!-- section TXT end -->\n                                <!-- divider start -->\n                                <div class=\"inner-divider-half mobile-visible\"><\/div>\n                                <!-- divider end -->\n                            <\/div>\n                            <!-- col end -->\n                        \t \n                            <!-- col start -->\n                            <div class=\"col-md-4 col-sm-12\">\n                                <!-- section title start -->\n                                <div class=\"subtitle subtitle-left\">S\u00cdGUENOS<\/div>\n                                <!-- section title end -->\n                                <!-- divider start -->\n                                <div class=\"inner-divider-50\"><\/div>\n                                <!-- divider end -->\n                                <!-- section TXT start -->\n                                <div class=\"section-txt-2\">\n                                    <div class=\"social-icons\">\n    <ul>\n        <li>\n            <a class=\"ion-social-youtube\" href=\"https:\/\/www.youtube.com\/@AcidDropsvp\"><span>Youtube<\/span><\/a>\n        <\/li>\n        <li>\n            <a class=\"ion-social-linkedin\" href=\"https:\/\/www.linkedin.com\/company\/acidrops\"><span>Linkedin<\/span><\/a>\n        <\/li>\n        <li>\n            <a class=\"ion-social-instagram\" href=\"https:\/\/www.instagram.com\/acid_drops_vp\"><span>Instagram<\/span><\/a>\n        <\/li>\n    <\/ul>\n<\/div>                                <\/div>\n                                <!-- section TXT end -->\n                                <!-- divider start -->\n                                <div class=\"inner-divider-half mobile-visible\"><\/div>\n                                <!-- divider end -->\n                            <\/div>\n                            <!-- col end -->\n                        \t \n                            <!-- col start -->\n                            <div class=\"col-md-4 col-sm-12\">\n                                <!-- section title start -->\n                                <div class=\"subtitle subtitle-left\">Escr\u00edbenos o ll\u00e1manos<\/div>\n                                <!-- section title end -->\n                                <!-- divider start -->\n                                <div class=\"inner-divider-50\"><\/div>\n                                <!-- divider end -->\n                                <!-- section TXT start -->\n                                <div class=\"section-txt-2\">\n                                    <p>hola@aciddrops.com<\/p>\n<p>+34 665 68 57 41<\/p>                                <\/div>\n                                <!-- section TXT end -->\n                                <!-- divider start -->\n                                <div class=\"inner-divider-half mobile-visible\"><\/div>\n                                <!-- divider end -->\n                            <\/div>\n                            <!-- col end -->\n                        \t                        <\/div>\n                    <\/div>\n                    <!-- row end -->\n                    <!-- divider start -->\n                    <div class=\"inner-divider\"><\/div>\n                    <!-- divider end -->\n                <\/div>\n            <\/div>\n        <\/section>\n\t\t\t\t\t<\/div>\n\t\t\t\t<\/div>\n\t\t\t\t\t<\/div>\n\t\t<\/div>\n\t\t\t\t\t<\/div>\n\t\t<\/section>\n\t\t\t\t<\/div>\n\t\t","protected":false},"excerpt":{"rendered":"<p>hag\u00e1moslo realidad \u00bfListo para transformar tu producci\u00f3n? Cu\u00e9ntanos qu\u00e9 tienes en mente. \u00bfUn proyecto audiovisual? \u00bfUna experiencia inmersiva? \u00bfFormaci\u00f3n para tu equipo? En Acid Drops podemos ayudarte a dise\u00f1arlo, producirlo o formarte para que lo hagas t\u00fa mismo. Ya sea para solicitar un presupuesto, agendar una demo en nuestro volumen LED o simplemente explorar ideas, [&hellip;]<\/p>\n","protected":false},"author":1,"featured_media":0,"parent":0,"menu_order":0,"comment_status":"closed","ping_status":"closed","template":"page-templates\/pages.php","meta":{"inline_featured_image":false,"footnotes":""},"categories":[],"class_list":["post-49","page","type-page","status-publish","hentry"],"_links":{"self":[{"href":"https:\/\/aciddrops.com\/en\/wp-json\/wp\/v2\/pages\/49","targetHints":{"allow":["GET"]}}],"collection":[{"href":"https:\/\/aciddrops.com\/en\/wp-json\/wp\/v2\/pages"}],"about":[{"href":"https:\/\/aciddrops.com\/en\/wp-json\/wp\/v2\/types\/page"}],"author":[{"embeddable":true,"href":"https:\/\/aciddrops.com\/en\/wp-json\/wp\/v2\/users\/1"}],"replies":[{"embeddable":true,"href":"https:\/\/aciddrops.com\/en\/wp-json\/wp\/v2\/comments?post=49"}],"version-history":[{"count":70,"href":"https:\/\/aciddrops.com\/en\/wp-json\/wp\/v2\/pages\/49\/revisions"}],"predecessor-version":[{"id":2942,"href":"https:\/\/aciddrops.com\/en\/wp-json\/wp\/v2\/pages\/49\/revisions\/2942"}],"wp:attachment":[{"href":"https:\/\/aciddrops.com\/en\/wp-json\/wp\/v2\/media?parent=49"}],"wp:term":[{"taxonomy":"category","embeddable":true,"href":"https:\/\/aciddrops.com\/en\/wp-json\/wp\/v2\/categories?post=49"}],"curies":[{"name":"wp","href":"https:\/\/api.w.org\/{rel}","templated":true}]}}